{"id":26,"date":"2026-05-04T06:58:07","date_gmt":"2026-05-04T06:58:07","guid":{"rendered":"https:\/\/uy888.app\/?page_id=26"},"modified":"2026-05-04T08:16:16","modified_gmt":"2026-05-04T08:16:16","slug":"trang-chu","status":"publish","type":"page","link":"https:\/\/uy888.app\/","title":{"rendered":"Trang ch\u1ee7"},"content":{"rendered":"\t<div class=\"img has-hover x md-x lg-x y md-y lg-y\" id=\"image_1401026265\">\n\t\t<a class=\"\" href=\"https:\/\/uy888.app\/qc\/1\" target=\"_blank\" rel=\"noopener\" >\t\t\t\t\t\t<div class=\"img-inner dark\" >\n\t\t\t<img loading=\"lazy\" decoding=\"async\" width=\"1920\" height=\"530\" src=\"https:\/\/uy888.app\/wp-content\/uploads\/2026\/05\/UY88-LOGO-1.png\" class=\"attachment-original size-original\" alt=\"uy88\" srcset=\"https:\/\/uy888.app\/wp-content\/uploads\/2026\/05\/UY88-LOGO-1.png 1920w, https:\/\/uy888.app\/wp-content\/uploads\/2026\/05\/UY88-LOGO-1-300x83.png 300w, https:\/\/uy888.app\/wp-content\/uploads\/2026\/05\/UY88-LOGO-1-1024x283.png 1024w, https:\/\/uy888.app\/wp-content\/uploads\/2026\/05\/UY88-LOGO-1-768x212.png 768w, https:\/\/uy888.app\/wp-content\/uploads\/2026\/05\/UY88-LOGO-1-1536x424.png 1536w\" sizes=\"auto, (max-width: 1920px) 100vw, 1920px\" \/>\t\t\t\t\t\t\n\t\t\t\t\t<\/div>\n\t\t\t\t\t\t<\/a>\t\t\n<style>\n#image_1401026265 {\n  width: 100%;\n}\n<\/style>\n\t<\/div>\n\t\n<div class=\"row\"  id=\"row-910040733\">\n\n\t<div id=\"col-41728163\" class=\"col small-12 large-12\"  >\n\t\t\t\t<div class=\"col-inner\"  >\n\t\t\t\n\t\t\t\n\t<div id=\"text-235010538\" class=\"text\">\n\t\t\n<h1 style=\"text-align: center;\"><span style=\"font-family: verdana, geneva, sans-serif;\"><strong>UY88 \u2013 Link V\u00e0o UY888 Com M\u1edbi Nh\u1ea5t 2026: Nh\u1eadn Ngay +88k Mi\u1ec5n Ph\u00ed!<\/strong><\/span><\/h1>\n<p><span style=\"font-family: verdana, geneva, sans-serif;\">Ch\u00e0o m\u1eebng b\u1ea1n \u0111\u1ebfn v\u1edbi <strong class=\"Yjhzub\" data-sfc-root=\"c\" data-sfc-cb=\"\" data-complete=\"true\" data-copy-service-computed-style=\"font-family: &quot;Google Sans&quot;, Arial, sans-serif; font-size: 16px; font-weight: 600; margin: 0px; text-decoration: none; border-bottom: 0px rgb(230, 232, 240);\">UY88<!--TgQPHd|&#091;&#093;--><\/strong>, c\u00e1i t\u00ean \u0111ang l\u00e0m khuynh \u0111\u1ea3o th\u1ecb tr\u01b0\u1eddng gi\u1ea3i tr\u00ed Ch\u00e2u \u00c1. K\u1ebft h\u1ee3p ho\u00e0n h\u1ea3o gi\u1eefa kho tr\u00f2 ch\u01a1i \u0111\u1ed3 s\u1ed9 v\u00e0 d\u1ecbch v\u1ee5 ch\u0103m s\u00f3c kh\u00e1ch h\u00e0ng chu\u1ea9n 5 sao, UY88 com cam k\u1ebft mang \u0111\u1ebfn m\u1ed9t m\u00f4i tr\u01b0\u1eddng c\u00e1 c\u01b0\u1ee3c an to\u00e0n, minh b\u1ea1ch v\u1edbi t\u1ed1c \u0111\u1ed9 n\u1ea1p r\u00fat th\u1ea7n t\u1ed1c. Tham gia ngay \u0111\u1ec3 t\u1eadn h\u01b0\u1edfng c\u00f4ng ngh\u1ec7 b\u1ea3o m\u1eadt ti\u00ean ti\u1ebfn v\u00e0 t\u1ef7 l\u1ec7 tr\u1ea3 th\u01b0\u1edfng d\u1eabn \u0111\u1ea7u th\u1ecb tr\u01b0\u1eddng!<\/span><\/p>\n\t\t\n<style>\n#text-235010538 {\n  color: rgb(0,0,0);\n}\n#text-235010538 > * {\n  color: rgb(0,0,0);\n}\n<\/style>\n\t<\/div>\n\t\n\t\t<\/div>\n\t\t\t\t\t<\/div>\n\n\t\n<\/div>\n","protected":false},"excerpt":{"rendered":"","protected":false},"author":1,"featured_media":6,"parent":0,"menu_order":0,"comment_status":"closed","ping_status":"closed","template":"","meta":{"footnotes":""},"class_list":["post-26","page","type-page","status-publish","has-post-thumbnail","hentry"],"_links":{"self":[{"href":"https:\/\/uy888.app\/index.php?rest_route=\/wp\/v2\/pages\/26","targetHints":{"allow":["GET"]}}],"collection":[{"href":"https:\/\/uy888.app\/index.php?rest_route=\/wp\/v2\/pages"}],"about":[{"href":"https:\/\/uy888.app\/index.php?rest_route=\/wp\/v2\/types\/page"}],"author":[{"embeddable":true,"href":"https:\/\/uy888.app\/index.php?rest_route=\/wp\/v2\/users\/1"}],"replies":[{"embeddable":true,"href":"https:\/\/uy888.app\/index.php?rest_route=%2Fwp%2Fv2%2Fcomments&post=26"}],"version-history":[{"count":5,"href":"https:\/\/uy888.app\/index.php?rest_route=\/wp\/v2\/pages\/26\/revisions"}],"predecessor-version":[{"id":38,"href":"https:\/\/uy888.app\/index.php?rest_route=\/wp\/v2\/pages\/26\/revisions\/38"}],"wp:featuredmedia":[{"embeddable":true,"href":"https:\/\/uy888.app\/index.php?rest_route=\/wp\/v2\/media\/6"}],"wp:attachment":[{"href":"https:\/\/uy888.app\/index.php?rest_route=%2Fwp%2Fv2%2Fmedia&parent=26"}],"curies":[{"name":"wp","href":"https:\/\/api.w.org\/{rel}","templated":true}]}}